{"id":4716,"date":"2024-10-24T13:40:04","date_gmt":"2024-10-24T11:40:04","guid":{"rendered":"https:\/\/www.imatrix.ch\/contact-temp-fr\/"},"modified":"2026-03-15T13:50:44","modified_gmt":"2026-03-15T12:50:44","slug":"contact","status":"publish","type":"page","link":"https:\/\/www.imatrix.ch\/fr\/contact\/","title":{"rendered":"Contact"},"content":{"rendered":"\t\t<div data-elementor-type=\"wp-page\" data-elementor-id=\"4716\" class=\"elementor elementor-4716 elementor-470\" data-elementor-settings=\"{&quot;element_pack_global_tooltip_width&quot;:{&quot;unit&quot;:&quot;px&quot;,&quot;size&quot;:&quot;&quot;,&quot;sizes&quot;:[]},&quot;element_pack_global_tooltip_width_tablet&quot;:{&quot;unit&quot;:&quot;px&quot;,&quot;size&quot;:&quot;&quot;,&quot;sizes&quot;:[]},&quot;element_pack_global_tooltip_width_mobile&quot;:{&quot;unit&quot;:&quot;px&quot;,&quot;size&quot;:&quot;&quot;,&quot;sizes&quot;:[]},&quot;element_pack_global_tooltip_padding&quot;:{&quot;unit&quot;:&quot;px&quot;,&quot;top&quot;:&quot;&quot;,&quot;right&quot;:&quot;&quot;,&quot;bottom&quot;:&quot;&quot;,&quot;left&quot;:&quot;&quot;,&quot;isLinked&quot;:true},&quot;element_pack_global_tooltip_padding_tablet&quot;:{&quot;unit&quot;:&quot;px&quot;,&quot;top&quot;:&quot;&quot;,&quot;right&quot;:&quot;&quot;,&quot;bottom&quot;:&quot;&quot;,&quot;left&quot;:&quot;&quot;,&quot;isLinked&quot;:true},&quot;element_pack_global_tooltip_padding_mobile&quot;:{&quot;unit&quot;:&quot;px&quot;,&quot;top&quot;:&quot;&quot;,&quot;right&quot;:&quot;&quot;,&quot;bottom&quot;:&quot;&quot;,&quot;left&quot;:&quot;&quot;,&quot;isLinked&quot;:true},&quot;element_pack_global_tooltip_border_radius&quot;:{&quot;unit&quot;:&quot;px&quot;,&quot;top&quot;:&quot;&quot;,&quot;right&quot;:&quot;&quot;,&quot;bottom&quot;:&quot;&quot;,&quot;left&quot;:&quot;&quot;,&quot;isLinked&quot;:true},&quot;element_pack_global_tooltip_border_radius_tablet&quot;:{&quot;unit&quot;:&quot;px&quot;,&quot;top&quot;:&quot;&quot;,&quot;right&quot;:&quot;&quot;,&quot;bottom&quot;:&quot;&quot;,&quot;left&quot;:&quot;&quot;,&quot;isLinked&quot;:true},&quot;element_pack_global_tooltip_border_radius_mobile&quot;:{&quot;unit&quot;:&quot;px&quot;,&quot;top&quot;:&quot;&quot;,&quot;right&quot;:&quot;&quot;,&quot;bottom&quot;:&quot;&quot;,&quot;left&quot;:&quot;&quot;,&quot;isLinked&quot;:true}}\" data-elementor-post-type=\"page\">\n\t\t\t\t<div class=\"elementor-element elementor-element-45b9ea6 e-con-full e-flex sc_layouts_column_icons_position_left e-con e-parent\" data-id=\"45b9ea6\" data-element_type=\"container\" data-e-type=\"container\">\n\t\t<div class=\"e-con-gap-no elementor-element elementor-element-bcd16bc e-con-full e-flex sc_layouts_column_icons_position_left e-con e-child\" data-id=\"bcd16bc\" data-element_type=\"container\" data-e-type=\"container\" data-settings=\"{&quot;background_background&quot;:&quot;classic&quot;}\">\n\t\t\t\t<\/div>\n\t\t<div data-animation-type=\"block\" class=\"elementor-element elementor-element-391e6d8 e-con-full e-flex sc_layouts_column_icons_position_left animation_type_block elementor-invisible e-con e-child\" data-id=\"391e6d8\" data-element_type=\"container\" data-e-type=\"container\" data-settings=\"{&quot;animation&quot;:&quot;ta_fadeinup&quot;}\">\n\t\t\t\t<div class=\"elementor-element elementor-element-fbca12f sc_fly_static elementor-widget elementor-widget-heading\" data-id=\"fbca12f\" data-element_type=\"widget\" data-e-type=\"widget\" data-widget_type=\"heading.default\">\n\t\t\t\t\t<h1 class=\"elementor-heading-title elementor-size-default\">Kontakt &amp; Zusammenarbeit<\/h1>\t\t\t\t<\/div>\n\t\t\t\t<div class=\"elementor-element elementor-element-8c9f509 elementor-widget__width-initial sc_fly_static elementor-widget elementor-widget-heading\" data-id=\"8c9f509\" data-element_type=\"widget\" data-e-type=\"widget\" data-widget_type=\"heading.default\">\n\t\t\t\t\t<h2 class=\"elementor-heading-title elementor-size-default\">Umfassende <b>L\u00f6sungen<\/b> f\u00fcr Ihren Erfolg<\/h2>\t\t\t\t<\/div>\n\t\t\t\t<div data-animation-type=\"block\" class=\"elementor-element elementor-element-dff0315 animation_type_block sc_fly_static elementor-invisible elementor-widget elementor-widget-text-editor\" data-id=\"dff0315\" data-element_type=\"widget\" data-e-type=\"widget\" data-settings=\"{&quot;_animation&quot;:&quot;ta_fadeinup&quot;,&quot;_animation_delay&quot;:100}\" data-widget_type=\"text-editor.default\">\n\t\t\t\t\t\t\t\t\tWir freuen uns auf Ihre Kontaktaufnahme. Mit iMATRIX setzen wir Ihre Ideen effizient in erfolgreiche digitale L\u00f6sungen um.\t\t\t\t\t\t\t\t<\/div>\n\t\t\t\t<div class=\"elementor-element elementor-element-d65d9b0 sc_fly_static elementor-widget elementor-widget-html\" data-id=\"d65d9b0\" data-element_type=\"widget\" data-e-type=\"widget\" data-widget_type=\"html.default\">\n\t\t\t\t\t<iframe name=\"imatrix\" width=\"100%\" height=\"580px\" src=\"https:\/\/auth.imatrix.ai\/imatrix\/ps\/forms\/wtl\/e2afa9612d95bf529601d712fc37da3c\" scrolling=\"yes\" marginwidth=\"0\" marginheight=\"0\" style=\"border:none;\"><\/iframe>\t\t\t\t<\/div>\n\t\t\t\t<\/div>\n\t\t\t\t<\/div>\n\t\t\t\t<\/div>\n\t\t","protected":false},"excerpt":{"rendered":"<p>Kontakt &amp; Zusammenarbeit Umfassende L\u00f6sungen f\u00fcr&hellip;<\/p>\n","protected":false},"author":1,"featured_media":3618,"parent":0,"menu_order":9,"comment_status":"closed","ping_status":"closed","template":"","meta":{"inline_featured_image":false,"footnotes":""},"class_list":["post-4716","page","type-page","status-publish","has-post-thumbnail","hentry"],"yoast_head":"<!-- This site is optimized with the Yoast SEO plugin v27.4 - https:\/\/yoast.com\/product\/yoast-seo-wordpress\/ -->\n<title>Contact - Des solutions compl\u00e8tes pour votre r\u00e9ussite<\/title>\n<meta name=\"description\" content=\"Contact : nous nous r\u00e9jouissons de votre prise de contact. Avec iMATRIX, nous transformons vos id\u00e9es en solutions num\u00e9riques performantes, de mani\u00e8re efficace et fiable.\" \/>\n<meta name=\"robots\" content=\"index, follow, max-snippet:-1, max-image-preview:large, max-video-preview:-1\" \/>\n<link rel=\"canonical\" href=\"https:\/\/www.imatrix.ch\/fr\/contact\/\" \/>\n<meta property=\"og:locale\" content=\"fr_FR\" \/>\n<meta property=\"og:type\" content=\"article\" \/>\n<meta property=\"og:title\" content=\"Contact - Des solutions compl\u00e8tes pour votre r\u00e9ussite\" \/>\n<meta property=\"og:description\" content=\"Contact : nous nous r\u00e9jouissons de votre prise de contact. Avec iMATRIX, nous transformons vos id\u00e9es en solutions num\u00e9riques performantes, de mani\u00e8re efficace et fiable.\" \/>\n<meta property=\"og:url\" content=\"https:\/\/www.imatrix.ch\/fr\/contact\/\" \/>\n<meta property=\"og:site_name\" content=\"CRM Schweiz\" \/>\n<meta property=\"article:publisher\" content=\"https:\/\/www.facebook.com\/imatrix.ch\" \/>\n<meta property=\"article:modified_time\" content=\"2026-03-15T12:50:44+00:00\" \/>\n<meta property=\"og:image\" content=\"https:\/\/www.imatrix.ch\/wp-content\/uploads\/2025\/12\/kontakt.webp\" \/>\n\t<meta property=\"og:image:width\" content=\"1600\" \/>\n\t<meta property=\"og:image:height\" content=\"1067\" \/>\n\t<meta property=\"og:image:type\" content=\"image\/webp\" \/>\n<meta name=\"twitter:card\" content=\"summary_large_image\" \/>\n<meta name=\"twitter:title\" content=\"Contact - Des solutions compl\u00e8tes pour votre r\u00e9ussite\" \/>\n<meta name=\"twitter:description\" content=\"Contact : nous nous r\u00e9jouissons de votre prise de contact. Avec iMATRIX, nous transformons vos id\u00e9es en solutions num\u00e9riques performantes, de mani\u00e8re efficace et fiable.\" \/>\n<meta name=\"twitter:label1\" content=\"Dur\u00e9e de lecture estim\u00e9e\" \/>\n\t<meta name=\"twitter:data1\" content=\"1 minute\" \/>\n<script type=\"application\/ld+json\" class=\"yoast-schema-graph\">{\"@context\":\"https:\\\/\\\/schema.org\",\"@graph\":[{\"@type\":\"WebPage\",\"@id\":\"https:\\\/\\\/www.imatrix.ch\\\/fr\\\/contact\\\/\",\"url\":\"https:\\\/\\\/www.imatrix.ch\\\/fr\\\/contact\\\/\",\"name\":\"Contact - Des solutions compl\u00e8tes pour votre r\u00e9ussite\",\"isPartOf\":{\"@id\":\"https:\\\/\\\/www.imatrix.ch\\\/fr\\\/#website\"},\"primaryImageOfPage\":{\"@id\":\"https:\\\/\\\/www.imatrix.ch\\\/fr\\\/contact\\\/#primaryimage\"},\"image\":{\"@id\":\"https:\\\/\\\/www.imatrix.ch\\\/fr\\\/contact\\\/#primaryimage\"},\"thumbnailUrl\":\"https:\\\/\\\/www.imatrix.ch\\\/wp-content\\\/uploads\\\/2025\\\/12\\\/kontakt.webp\",\"datePublished\":\"2024-10-24T11:40:04+00:00\",\"dateModified\":\"2026-03-15T12:50:44+00:00\",\"description\":\"Contact : nous nous r\u00e9jouissons de votre prise de contact. Avec iMATRIX, nous transformons vos id\u00e9es en solutions num\u00e9riques performantes, de mani\u00e8re efficace et fiable.\",\"breadcrumb\":{\"@id\":\"https:\\\/\\\/www.imatrix.ch\\\/fr\\\/contact\\\/#breadcrumb\"},\"inLanguage\":\"fr-FR\",\"potentialAction\":[{\"@type\":\"ReadAction\",\"target\":[\"https:\\\/\\\/www.imatrix.ch\\\/fr\\\/contact\\\/\"]}]},{\"@type\":\"ImageObject\",\"inLanguage\":\"fr-FR\",\"@id\":\"https:\\\/\\\/www.imatrix.ch\\\/fr\\\/contact\\\/#primaryimage\",\"url\":\"https:\\\/\\\/www.imatrix.ch\\\/wp-content\\\/uploads\\\/2025\\\/12\\\/kontakt.webp\",\"contentUrl\":\"https:\\\/\\\/www.imatrix.ch\\\/wp-content\\\/uploads\\\/2025\\\/12\\\/kontakt.webp\",\"width\":1600,\"height\":1067,\"caption\":\"kontakt\"},{\"@type\":\"BreadcrumbList\",\"@id\":\"https:\\\/\\\/www.imatrix.ch\\\/fr\\\/contact\\\/#breadcrumb\",\"itemListElement\":[{\"@type\":\"ListItem\",\"position\":1,\"name\":\"Start\",\"item\":\"https:\\\/\\\/www.imatrix.ch\\\/fr\\\/crm-suisse\\\/\"},{\"@type\":\"ListItem\",\"position\":2,\"name\":\"Contact\"}]},{\"@type\":\"WebSite\",\"@id\":\"https:\\\/\\\/www.imatrix.ch\\\/fr\\\/#website\",\"url\":\"https:\\\/\\\/www.imatrix.ch\\\/fr\\\/\",\"name\":\"CRM Schweiz\",\"description\":\"SWISS MADE CRM\",\"publisher\":{\"@id\":\"https:\\\/\\\/www.imatrix.ch\\\/fr\\\/#organization\"},\"alternateName\":\"SWISS MADE CRM\",\"potentialAction\":[{\"@type\":\"SearchAction\",\"target\":{\"@type\":\"EntryPoint\",\"urlTemplate\":\"https:\\\/\\\/www.imatrix.ch\\\/fr\\\/?s={search_term_string}\"},\"query-input\":{\"@type\":\"PropertyValueSpecification\",\"valueRequired\":true,\"valueName\":\"search_term_string\"}}],\"inLanguage\":\"fr-FR\"},{\"@type\":\"Organization\",\"@id\":\"https:\\\/\\\/www.imatrix.ch\\\/fr\\\/#organization\",\"name\":\"CRM Schweiz\",\"alternateName\":\"SWISS MADE CRM\",\"url\":\"https:\\\/\\\/www.imatrix.ch\\\/fr\\\/\",\"logo\":{\"@type\":\"ImageObject\",\"inLanguage\":\"fr-FR\",\"@id\":\"https:\\\/\\\/www.imatrix.ch\\\/fr\\\/#\\\/schema\\\/logo\\\/image\\\/\",\"url\":\"https:\\\/\\\/www.imatrix.ch\\\/wp-content\\\/uploads\\\/2025\\\/12\\\/logo-farbig.svg\",\"contentUrl\":\"https:\\\/\\\/www.imatrix.ch\\\/wp-content\\\/uploads\\\/2025\\\/12\\\/logo-farbig.svg\",\"width\":1600,\"height\":410,\"caption\":\"CRM Schweiz\"},\"image\":{\"@id\":\"https:\\\/\\\/www.imatrix.ch\\\/fr\\\/#\\\/schema\\\/logo\\\/image\\\/\"},\"sameAs\":[\"https:\\\/\\\/www.facebook.com\\\/imatrix.ch\"]}]}<\/script>\n<!-- \/ Yoast SEO plugin. -->","yoast_head_json":{"title":"Contact - Des solutions compl\u00e8tes pour votre r\u00e9ussite","description":"Contact : nous nous r\u00e9jouissons de votre prise de contact. Avec iMATRIX, nous transformons vos id\u00e9es en solutions num\u00e9riques performantes, de mani\u00e8re efficace et fiable.","robots":{"index":"index","follow":"follow","max-snippet":"max-snippet:-1","max-image-preview":"max-image-preview:large","max-video-preview":"max-video-preview:-1"},"canonical":"https:\/\/www.imatrix.ch\/fr\/contact\/","og_locale":"fr_FR","og_type":"article","og_title":"Contact - Des solutions compl\u00e8tes pour votre r\u00e9ussite","og_description":"Contact : nous nous r\u00e9jouissons de votre prise de contact. Avec iMATRIX, nous transformons vos id\u00e9es en solutions num\u00e9riques performantes, de mani\u00e8re efficace et fiable.","og_url":"https:\/\/www.imatrix.ch\/fr\/contact\/","og_site_name":"CRM Schweiz","article_publisher":"https:\/\/www.facebook.com\/imatrix.ch","article_modified_time":"2026-03-15T12:50:44+00:00","og_image":[{"width":1600,"height":1067,"url":"https:\/\/www.imatrix.ch\/wp-content\/uploads\/2025\/12\/kontakt.webp","type":"image\/webp"}],"twitter_card":"summary_large_image","twitter_title":"Contact - Des solutions compl\u00e8tes pour votre r\u00e9ussite","twitter_description":"Contact : nous nous r\u00e9jouissons de votre prise de contact. Avec iMATRIX, nous transformons vos id\u00e9es en solutions num\u00e9riques performantes, de mani\u00e8re efficace et fiable.","twitter_misc":{"Dur\u00e9e de lecture estim\u00e9e":"1 minute"},"schema":{"@context":"https:\/\/schema.org","@graph":[{"@type":"WebPage","@id":"https:\/\/www.imatrix.ch\/fr\/contact\/","url":"https:\/\/www.imatrix.ch\/fr\/contact\/","name":"Contact - Des solutions compl\u00e8tes pour votre r\u00e9ussite","isPartOf":{"@id":"https:\/\/www.imatrix.ch\/fr\/#website"},"primaryImageOfPage":{"@id":"https:\/\/www.imatrix.ch\/fr\/contact\/#primaryimage"},"image":{"@id":"https:\/\/www.imatrix.ch\/fr\/contact\/#primaryimage"},"thumbnailUrl":"https:\/\/www.imatrix.ch\/wp-content\/uploads\/2025\/12\/kontakt.webp","datePublished":"2024-10-24T11:40:04+00:00","dateModified":"2026-03-15T12:50:44+00:00","description":"Contact : nous nous r\u00e9jouissons de votre prise de contact. Avec iMATRIX, nous transformons vos id\u00e9es en solutions num\u00e9riques performantes, de mani\u00e8re efficace et fiable.","breadcrumb":{"@id":"https:\/\/www.imatrix.ch\/fr\/contact\/#breadcrumb"},"inLanguage":"fr-FR","potentialAction":[{"@type":"ReadAction","target":["https:\/\/www.imatrix.ch\/fr\/contact\/"]}]},{"@type":"ImageObject","inLanguage":"fr-FR","@id":"https:\/\/www.imatrix.ch\/fr\/contact\/#primaryimage","url":"https:\/\/www.imatrix.ch\/wp-content\/uploads\/2025\/12\/kontakt.webp","contentUrl":"https:\/\/www.imatrix.ch\/wp-content\/uploads\/2025\/12\/kontakt.webp","width":1600,"height":1067,"caption":"kontakt"},{"@type":"BreadcrumbList","@id":"https:\/\/www.imatrix.ch\/fr\/contact\/#breadcrumb","itemListElement":[{"@type":"ListItem","position":1,"name":"Start","item":"https:\/\/www.imatrix.ch\/fr\/crm-suisse\/"},{"@type":"ListItem","position":2,"name":"Contact"}]},{"@type":"WebSite","@id":"https:\/\/www.imatrix.ch\/fr\/#website","url":"https:\/\/www.imatrix.ch\/fr\/","name":"CRM Schweiz","description":"SWISS MADE CRM","publisher":{"@id":"https:\/\/www.imatrix.ch\/fr\/#organization"},"alternateName":"SWISS MADE CRM","potentialAction":[{"@type":"SearchAction","target":{"@type":"EntryPoint","urlTemplate":"https:\/\/www.imatrix.ch\/fr\/?s={search_term_string}"},"query-input":{"@type":"PropertyValueSpecification","valueRequired":true,"valueName":"search_term_string"}}],"inLanguage":"fr-FR"},{"@type":"Organization","@id":"https:\/\/www.imatrix.ch\/fr\/#organization","name":"CRM Schweiz","alternateName":"SWISS MADE CRM","url":"https:\/\/www.imatrix.ch\/fr\/","logo":{"@type":"ImageObject","inLanguage":"fr-FR","@id":"https:\/\/www.imatrix.ch\/fr\/#\/schema\/logo\/image\/","url":"https:\/\/www.imatrix.ch\/wp-content\/uploads\/2025\/12\/logo-farbig.svg","contentUrl":"https:\/\/www.imatrix.ch\/wp-content\/uploads\/2025\/12\/logo-farbig.svg","width":1600,"height":410,"caption":"CRM Schweiz"},"image":{"@id":"https:\/\/www.imatrix.ch\/fr\/#\/schema\/logo\/image\/"},"sameAs":["https:\/\/www.facebook.com\/imatrix.ch"]}]}},"_links":{"self":[{"href":"https:\/\/www.imatrix.ch\/fr\/wp-json\/wp\/v2\/pages\/4716","targetHints":{"allow":["GET"]}}],"collection":[{"href":"https:\/\/www.imatrix.ch\/fr\/wp-json\/wp\/v2\/pages"}],"about":[{"href":"https:\/\/www.imatrix.ch\/fr\/wp-json\/wp\/v2\/types\/page"}],"author":[{"embeddable":true,"href":"https:\/\/www.imatrix.ch\/fr\/wp-json\/wp\/v2\/users\/1"}],"replies":[{"embeddable":true,"href":"https:\/\/www.imatrix.ch\/fr\/wp-json\/wp\/v2\/comments?post=4716"}],"version-history":[{"count":2,"href":"https:\/\/www.imatrix.ch\/fr\/wp-json\/wp\/v2\/pages\/4716\/revisions"}],"predecessor-version":[{"id":4723,"href":"https:\/\/www.imatrix.ch\/fr\/wp-json\/wp\/v2\/pages\/4716\/revisions\/4723"}],"wp:featuredmedia":[{"embeddable":true,"href":"https:\/\/www.imatrix.ch\/fr\/wp-json\/wp\/v2\/media\/3618"}],"wp:attachment":[{"href":"https:\/\/www.imatrix.ch\/fr\/wp-json\/wp\/v2\/media?parent=4716"}],"curies":[{"name":"wp","href":"https:\/\/api.w.org\/{rel}","templated":true}]}}